{"id":26,"date":"2020-12-25T15:00:25","date_gmt":"2020-12-25T15:00:25","guid":{"rendered":"http:\/\/sw-themes.com\/porto_dummy\/?page_id=26"},"modified":"2026-02-24T15:34:12","modified_gmt":"2026-02-24T20:34:12","slug":"contact","status":"publish","type":"page","link":"https:\/\/segurintel.com.ec\/?page_id=26","title":{"rendered":"Contactos"},"content":{"rendered":"<section class=\"wpb-content-wrapper\"><p>[vc_row content_placement=\u00bbmiddle\u00bb wrap_container=\u00bbyes\u00bb el_class=\u00bbpt-4&#8243; css=\u00bb.vc_custom_1640820771458{padding-bottom: 57px !important;}\u00bb][vc_column el_class=\u00bboffset-xl-1 mb-5 mb-lg-0&#8243; offset=\u00bbvc_col-lg-4 vc_col-md-5&#8243;][vc_custom_heading text=\u00bbCdla. Letel Av. Francisco de Orellana 1007 edificio Bauhaus of. 10 y 11 primer piso\u00bb font_container=\u00bbtag:h2|font_size:23.1px|text_align:left|line_height:1.3&#8243; use_theme_fonts=\u00bbyes\u00bb letter_spacing=\u00bb-.05em\u00bb el_class=\u00bbmb-0&#8243;]<a class=\"porto-sicon-box-link\" href=\"mailto:porto@domain.com\"><div class=\"porto-sicon-box custom-phone pt-3 mb-2  wpb_custom_1efe903570d178ff0a9b7bfa5febd3a4 style_1 default-icon\"><div class=\"porto-sicon-default\"><div class=\"porto-just-icon-wrapper porto-icon none\" style=\"color:#212529;font-size:16.8px;margin-right:8px;\"><i class=\"Simple-Line-Icons-envelope\"><\/i><\/div><\/div><div class=\"porto-sicon-header\"><p style=\"font-weight:700;font-size:16.8px;line-height:24px;color:#212529;\">Email: info@segurintel.com.ec<\/p><\/div> <!-- header --><\/div><!-- porto-sicon-box --><\/a><div class=\"porto-sicon-box  vc_custom_1771965239528 custom-phone  wpb_custom_1efe903570d178ff0a9b7bfa5febd3a4 style_1 default-icon\"><div class=\"porto-sicon-default\"><div class=\"porto-just-icon-wrapper porto-icon none\" style=\"color:#212529;font-size:16.8px;margin-right:8px;\"><i class=\"Simple-Line-Icons-phone\"><\/i><\/div><\/div><div class=\"porto-sicon-header\"><p style=\"font-weight:700;font-size:16.8px;line-height:24px;color:#212529;\">Tel\u00e9fono: +(593) 939701615<\/p><\/div> <!-- header --><\/div><!-- porto-sicon-box -->[vc_custom_heading text=\u00bb\u00a1Nos encantar\u00eda saber de ti! Si tienes alguna pregunta, consulta o necesitas m\u00e1s informaci\u00f3n sobre nuestros servicios de seguridad integral, no dudes en ponerte en contacto con nosotros. Estamos aqu\u00ed para ayudarte.\u00bb font_container=\u00bbtag:p|text_align:left\u00bb use_theme_fonts=\u00bbyes\u00bb el_class=\u00bbm-b-sm p-b-xs\u00bb][\/vc_column][vc_column el_class=\u00bboffset-lg-1 custom-form-style-1&#8243; offset=\u00bbvc_col-lg-5 vc_col-md-6&#8243;]<div class=\"wpb_custom_cc82b6021c272ebcafb07623fccbe92a\">\n<div class=\"wpcf7 no-js\" id=\"wpcf7-f439-o1\" lang=\"en-US\" dir=\"ltr\">\n<div class=\"screen-reader-response\"><p role=\"status\" aria-live=\"polite\" aria-atomic=\"true\"><\/p> <ul><\/ul><\/div>\n<form action=\"\/index.php?rest_route=%2Fwp%2Fv2%2Fpages%2F26#wpcf7-f439-o1\" method=\"post\" class=\"wpcf7-form init\" aria-label=\"Contact form\" novalidate=\"novalidate\" data-status=\"init\">\n<div style=\"display: none;\">\n<input type=\"hidden\" name=\"_wpcf7\" value=\"439\" \/>\n<input type=\"hidden\" name=\"_wpcf7_version\" value=\"5.7.7\" \/>\n<input type=\"hidden\" name=\"_wpcf7_locale\" value=\"en_US\" \/>\n<input type=\"hidden\" name=\"_wpcf7_unit_tag\" value=\"wpcf7-f439-o1\" \/>\n<input type=\"hidden\" name=\"_wpcf7_container_post\" value=\"0\" \/>\n<input type=\"hidden\" name=\"_wpcf7_posted_data_hash\" value=\"\" \/>\n<input type=\"hidden\" name=\"_wpcf7_recaptcha_response\" value=\"\" \/>\n<\/div>\n<div class=\"form-row row-gutter-sm\">\n\t<div class=\"form-group col mb-3\">\n\t\t<p><span class=\"wpcf7-form-control-wrap\" data-name=\"nombres\"><input size=\"40\" class=\"wpcf7-form-control wpcf7-text wpcf7-validates-as-required form-control\" id=\"name\" aria-required=\"true\" aria-invalid=\"false\" placeholder=\"Nombre y Apellido\" value=\"\" type=\"text\" name=\"nombres\" \/><\/span>\n\t\t<\/p>\n\t<\/div>\n<\/div>\n<div class=\"form-row row-gutter-sm\">\n\t<div class=\"form-group col mb-3\">\n\t\t<p><span class=\"wpcf7-form-control-wrap\" data-name=\"email\"><input size=\"40\" class=\"wpcf7-form-control wpcf7-text wpcf7-email wpcf7-validates-as-required wpcf7-validates-as-email form-control\" id=\"email\" aria-required=\"true\" aria-invalid=\"false\" placeholder=\"E-mail\" value=\"\" type=\"email\" name=\"email\" \/><\/span>\n\t\t<\/p>\n\t<\/div>\n<\/div>\n<div class=\"form-row\">\n\t<div class=\"form-group col mb-3\">\n\t\t<p><span class=\"wpcf7-form-control-wrap\" data-name=\"mensaje\"><textarea cols=\"40\" rows=\"10\" class=\"wpcf7-form-control wpcf7-textarea wpcf7-validates-as-required form-control\" id=\"message\" aria-required=\"true\" aria-invalid=\"false\" placeholder=\"Mensaje\" name=\"mensaje\"><\/textarea><\/span>\n\t\t<\/p>\n\t<\/div>\n<\/div>\n<div class=\"form-row\">\n\t<div class=\"form-group col mb-0\">\n\t\t<div class=\"vc_btn3-container  custom-btn-arrow mb-0 vc_btn3-inline\">\n\t\t\t<p><button class=\"vc_btn3 vc_btn3-shape-rounded vc_btn3-icon-right font-weight-bold btn btn-md btn-primary font-size-md py-3 px-5\">ENVIAR<i class=\"vc_btn3-icon fas fa-long-arrow-alt-right\"><\/i><\/button>\n\t\t\t<\/p>\n\t\t<\/div>\n\t<\/div>\n<\/div><div class=\"wpcf7-response-output\" aria-hidden=\"true\"><\/div>\n<\/form>\n<\/div>\n<\/div>[\/vc_column][\/vc_row][vc_row no_padding=\u00bbyes\u00bb][vc_column][vc_raw_html]JTNDaWZyYW1lJTIwc3JjJTNEJTIyaHR0cHMlM0ElMkYlMkZ3d3cuZ29vZ2xlLmNvbSUyRm1hcHMlMkZlbWJlZCUzRnBiJTNEJTIxMW0xNCUyMTFtOCUyMTFtMyUyMTFkNTUyNi4wMjQxNjY5NTU5MTMlMjEyZC03OS44OTczMjU4OTczMzAyOCUyMTNkLTIuMTQ5MjA4NTA4MjY5MzU5MyUyMTNtMiUyMTFpMTAyNCUyMTJpNzY4JTIxNGYxMy4xJTIxM20zJTIxMW0yJTIxMXMweDkwMmQ2ZGZlMDg1YzhlMGQlMjUzQTB4NDQzMzllMTRiYTFjYWE3JTIxMnNTRUdVUklOVEVMJTI1MjBDSUEuJTI1MjBMVERBLiUyMTVlMCUyMTNtMiUyMTFzZXMlMjEyc2VjJTIxNHYxNjg2NTA5OTYyMjk4JTIxNW0yJTIxMXNlcyUyMTJzZWMlMjIlMjB3aWR0aCUzRCUyMjEwMCUyNSUyMiUyMGhlaWdodCUzRCUyMjQ1MCUyMiUyMHN0eWxlJTNEJTIyYm9yZGVyJTNBMCUzQiUyMiUyMGFsbG93ZnVsbHNjcmVlbiUzRCUyMiUyMiUyMGxvYWRpbmclM0QlMjJsYXp5JTIyJTIwcmVmZXJyZXJwb2xpY3klM0QlMjJuby1yZWZlcnJlci13aGVuLWRvd25ncmFkZSUyMiUzRSUzQyUyRmlmcmFtZSUzRQ==[\/vc_raw_html][\/vc_column][\/vc_row]<\/p>\n<\/section>","protected":false},"excerpt":{"rendered":"<p>[vc_row content_placement=\u00bbmiddle\u00bb wrap_container=\u00bbyes\u00bb el_class=\u00bbpt-4&#8243; css=\u00bb.vc_custom_1640820771458{padding-bottom: 57px !important;}\u00bb][vc_column el_class=\u00bboffset-xl-1 mb-5 mb-lg-0&#8243; offset=\u00bbvc_col-lg-4 vc_col-md-5&#8243;][vc_custom_heading text=\u00bbCdla. Letel Av. Francisco de Orellana 1007 edificio Bauhaus of. 10 y 11 primer piso\u00bb font_container=\u00bbtag:h2|font_size:23.1px|text_align:left|line_height:1.3&#8243; use_theme_fonts=\u00bbyes\u00bb letter_spacing=\u00bb-.05em\u00bb el_class=\u00bbmb-0&#8243;][vc_custom_heading text=\u00bb\u00a1Nos encantar\u00eda saber de ti! Si tienes alguna pregunta, consulta o necesitas m\u00e1s informaci\u00f3n sobre nuestros servicios de seguridad integral, no dudes en ponerte [&hellip;]<\/p>\n","protected":false},"author":1,"featured_media":0,"parent":0,"menu_order":0,"comment_status":"closed","ping_status":"closed","template":"","meta":[],"_links":{"self":[{"href":"https:\/\/segurintel.com.ec\/index.php?rest_route=\/wp\/v2\/pages\/26"}],"collection":[{"href":"https:\/\/segurintel.com.ec\/index.php?rest_route=\/wp\/v2\/pages"}],"about":[{"href":"https:\/\/segurintel.com.ec\/index.php?rest_route=\/wp\/v2\/types\/page"}],"author":[{"embeddable":true,"href":"https:\/\/segurintel.com.ec\/index.php?rest_route=\/wp\/v2\/users\/1"}],"replies":[{"embeddable":true,"href":"https:\/\/segurintel.com.ec\/index.php?rest_route=%2Fwp%2Fv2%2Fcomments&post=26"}],"version-history":[{"count":6,"href":"https:\/\/segurintel.com.ec\/index.php?rest_route=\/wp\/v2\/pages\/26\/revisions"}],"predecessor-version":[{"id":787,"href":"https:\/\/segurintel.com.ec\/index.php?rest_route=\/wp\/v2\/pages\/26\/revisions\/787"}],"wp:attachment":[{"href":"https:\/\/segurintel.com.ec\/index.php?rest_route=%2Fwp%2Fv2%2Fmedia&parent=26"}],"curies":[{"name":"wp","href":"https:\/\/api.w.org\/{rel}","templated":true}]}}