{"id":24,"date":"2020-12-25T14:59:58","date_gmt":"2020-12-25T14:59:58","guid":{"rendered":"http:\/\/sw-themes.com\/porto_dummy\/?page_id=24"},"modified":"2023-06-11T07:43:48","modified_gmt":"2023-06-11T12:43:48","slug":"appointment","status":"publish","type":"page","link":"https:\/\/segurintel.com.ec\/?page_id=24","title":{"rendered":"Trabaja con nosotros"},"content":{"rendered":"<section class=\"wpb-content-wrapper\"><p>[vc_row][vc_column][vc_custom_heading text=\u00bb\u00ab\u00bfEst\u00e1s listo para formar parte de un equipo dedicado a brindar soluciones de seguridad integral de calidad? En SEGURIDAD INTEGRAL SEGURINTEL, estamos en busca de profesionales apasionados y comprometidos que deseen marcar la diferencia en el sector de la seguridad.\u00bb font_container=\u00bbtag:p|font_size:15.4px|text_align:left|line_height:26px\u00bb use_theme_fonts=\u00bbyes\u00bb][vc_custom_heading text=\u00bbEnv\u00edanos tu curr\u00edculum y perm\u00edtenos descubrir c\u00f3mo juntos podemos marcar la diferencia en el mundo de la seguridad integral. \u00a1Esperamos tener la oportunidad de trabajar contigo y proteger lo que m\u00e1s importa!\u00ab\u00bb font_container=\u00bbtag:p|text_align:left\u00bb use_theme_fonts=\u00bbyes\u00bb el_class=\u00bbpb-3 m-b-md\u00bb][\/vc_column][\/vc_row][vc_row el_class=\u00bbcustom-form-style-1 mb-3 p-b-xs\u00bb conditional_render=\u00bb%5B%7B%22value_role%22%3A%22administrator%22%7D%5D\u00bb][vc_column conditional_render=\u00bb%5B%7B%22value_role%22%3A%22administrator%22%7D%5D\u00bb]<div class=\"wpb_custom_bb2b334d0beb0a05625f1bfb847e632a\">\n<div class=\"wpcf7 no-js\" id=\"wpcf7-f475-o1\" lang=\"en-US\" dir=\"ltr\">\n<div class=\"screen-reader-response\"><p role=\"status\" aria-live=\"polite\" aria-atomic=\"true\"><\/p> <ul><\/ul><\/div>\n<form action=\"\/index.php?rest_route=%2Fwp%2Fv2%2Fpages%2F24#wpcf7-f475-o1\" method=\"post\" class=\"wpcf7-form init\" aria-label=\"Contact form\" enctype=\"multipart\/form-data\" novalidate=\"novalidate\" data-status=\"init\">\n<div style=\"display: none;\">\n<input type=\"hidden\" name=\"_wpcf7\" value=\"475\" \/>\n<input type=\"hidden\" name=\"_wpcf7_version\" value=\"5.7.7\" \/>\n<input type=\"hidden\" name=\"_wpcf7_locale\" value=\"en_US\" \/>\n<input type=\"hidden\" name=\"_wpcf7_unit_tag\" value=\"wpcf7-f475-o1\" \/>\n<input type=\"hidden\" name=\"_wpcf7_container_post\" value=\"0\" \/>\n<input type=\"hidden\" name=\"_wpcf7_posted_data_hash\" value=\"\" \/>\n<input type=\"hidden\" name=\"_wpcf7_recaptcha_response\" value=\"\" \/>\n<\/div>\n<div class=\"form-row\">\n\t<div class=\"col\">\n\t\t<h2 class=\"text-color-dark font-weight-bold text-4-5 mb-3\">Informaci\u00f3n personal:\n\t\t<\/h2>\n\t<\/div>\n<\/div>\n<div class=\"form-row\">\n\t<div class=\"form-group col-md-6 mb-3\">\n\t\t<p><span class=\"wpcf7-form-control-wrap\" data-name=\"nombre\"><input size=\"40\" class=\"wpcf7-form-control wpcf7-text wpcf7-validates-as-required form-control\" id=\"firstName\" aria-required=\"true\" aria-invalid=\"false\" placeholder=\"Nombre\" value=\"\" type=\"text\" name=\"nombre\" \/><\/span>\n\t\t<\/p>\n\t<\/div>\n\t<div class=\"form-group col-md-6 mb-3\">\n\t\t<p><span class=\"wpcf7-form-control-wrap\" data-name=\"apellido\"><input size=\"40\" class=\"wpcf7-form-control wpcf7-text wpcf7-validates-as-required form-control\" id=\"lastName\" aria-required=\"true\" aria-invalid=\"false\" placeholder=\"Apellido\" value=\"\" type=\"text\" name=\"apellido\" \/><\/span>\n\t\t<\/p>\n\t<\/div>\n<\/div>\n<div class=\"form-row mb-3\">\n\t<div class=\"form-group col-md-6 mb-3\">\n\t\t<p><span class=\"wpcf7-form-control-wrap\" data-name=\"email\"><input size=\"40\" class=\"wpcf7-form-control wpcf7-text wpcf7-email wpcf7-validates-as-required wpcf7-validates-as-email form-control\" id=\"email\" aria-required=\"true\" aria-invalid=\"false\" placeholder=\"E-mail\" value=\"\" type=\"email\" name=\"email\" \/><\/span>\n\t\t<\/p>\n\t<\/div>\n\t<div class=\"form-group col-md-6 mb-3\">\n\t\t<p><span class=\"wpcf7-form-control-wrap\" data-name=\"telefono\"><input size=\"40\" class=\"wpcf7-form-control wpcf7-text wpcf7-validates-as-required form-control\" id=\"phone\" aria-required=\"true\" aria-invalid=\"false\" placeholder=\"Tel\u00e9fono\" value=\"\" type=\"text\" name=\"telefono\" \/><\/span>\n\t\t<\/p>\n\t<\/div>\n<\/div>\n<div class=\"form-row\">\n\t<div class=\"col\">\n\t\t<p>ADJUNTE SU CURRICULUM:\n\t\t<\/p>\n\t\t<p><span class=\"wpcf7-form-control-wrap\" data-name=\"file-571\"><input size=\"40\" class=\"wpcf7-form-control wpcf7-file\" accept=\".pdf,.txt,.doc,.docx\" aria-invalid=\"false\" type=\"file\" name=\"file-571\" \/><\/span>\n\t\t<\/p>\n\t<\/div>\n<\/div>\n<div class=\"form-row\">\n\t<div class=\"form-group col mb-0\">\n\t\t<div class=\"vc_btn3-container  custom-btn-arrow mb-0 vc_btn3-inline\">\n\t\t\t<p><button class=\"vc_btn3 vc_btn3-shape-rounded vc_btn3-icon-right font-weight-bold btn btn-md btn-primary font-size-md py-3 px-5\">ENVIAR<i class=\"vc_btn3-icon fas fa-long-arrow-alt-right\"><\/i><\/button>\n\t\t\t<\/p>\n\t\t<\/div>\n\t<\/div>\n<\/div><div class=\"wpcf7-response-output\" aria-hidden=\"true\"><\/div>\n<\/form>\n<\/div>\n<\/div>[\/vc_column][\/vc_row]<\/p>\n<\/section>","protected":false},"excerpt":{"rendered":"<p>[vc_row][vc_column][vc_custom_heading text=\u00bb\u00ab\u00bfEst\u00e1s listo para formar parte de un equipo dedicado a brindar soluciones de seguridad integral de calidad? En SEGURIDAD INTEGRAL SEGURINTEL, estamos en busca de profesionales apasionados y comprometidos que deseen marcar la diferencia en el sector de la seguridad.\u00bb font_container=\u00bbtag:p|font_size:15.4px|text_align:left|line_height:26px\u00bb use_theme_fonts=\u00bbyes\u00bb][vc_custom_heading text=\u00bbEnv\u00edanos tu curr\u00edculum y perm\u00edtenos descubrir c\u00f3mo juntos podemos marcar la diferencia [&hellip;]<\/p>\n","protected":false},"author":1,"featured_media":0,"parent":0,"menu_order":0,"comment_status":"closed","ping_status":"closed","template":"","meta":[],"_links":{"self":[{"href":"https:\/\/segurintel.com.ec\/index.php?rest_route=\/wp\/v2\/pages\/24"}],"collection":[{"href":"https:\/\/segurintel.com.ec\/index.php?rest_route=\/wp\/v2\/pages"}],"about":[{"href":"https:\/\/segurintel.com.ec\/index.php?rest_route=\/wp\/v2\/types\/page"}],"author":[{"embeddable":true,"href":"https:\/\/segurintel.com.ec\/index.php?rest_route=\/wp\/v2\/users\/1"}],"replies":[{"embeddable":true,"href":"https:\/\/segurintel.com.ec\/index.php?rest_route=%2Fwp%2Fv2%2Fcomments&post=24"}],"version-history":[{"count":1,"href":"https:\/\/segurintel.com.ec\/index.php?rest_route=\/wp\/v2\/pages\/24\/revisions"}],"predecessor-version":[{"id":650,"href":"https:\/\/segurintel.com.ec\/index.php?rest_route=\/wp\/v2\/pages\/24\/revisions\/650"}],"wp:attachment":[{"href":"https:\/\/segurintel.com.ec\/index.php?rest_route=%2Fwp%2Fv2%2Fmedia&parent=24"}],"curies":[{"name":"wp","href":"https:\/\/api.w.org\/{rel}","templated":true}]}}