{"id":20,"date":"2020-12-25T14:59:34","date_gmt":"2020-12-25T14:59:34","guid":{"rendered":"http:\/\/sw-themes.com\/porto_dummy\/?page_id=20"},"modified":"2026-02-24T15:36:07","modified_gmt":"2026-02-24T20:36:07","slug":"home","status":"publish","type":"page","link":"https:\/\/segurintel.com.ec\/","title":{"rendered":"Home"},"content":{"rendered":"<section class=\"wpb-content-wrapper\"><p>[vc_row no_padding=\u00bbyes\u00bb el_class=\u00bboverflow-hidden\u00bb conditional_render=\u00bb%5B%7B%22condition_a%22%3A%22device%22%2C%22comparative_operator%22%3A%22not_equal%22%2C%22value_device%22%3A%22tablet_mobile%22%2C%22value_role%22%3A%22administrator%22%7D%5D\u00bb][vc_column]<div class=\"porto-ultimate-content-box-container custom-section-background kenBurnsToRight\"><style>#porto_ucb_9696{will-change: box-shadow;box-shadow: none;}#porto_ucb_9696:hover{box-shadow:none}<\/style><div class=\"porto-ultimate-content-box\" style=\"background-image:url(&#039;https:\/\/segurintel.com.ec\/wp-content\/uploads\/2023\/06\/background3.webp&#039;);background-size: cover;background-repeat: no-repeat;background-position: center center;background-color: rgba(0, 0, 0, 0);\" id=\"porto_ucb_9696\"><\/div><\/div>[vc_row_inner wrap_container=\u00bbyes\u00bb el_class=\u00bbcustom-bg-white position-relative py-sm-5 my-5&#8243;][vc_column_inner][vc_raw_html el_class=\u00bbmb-0&#8243;]JTNDc3ZnJTIwY2xhc3MlM0QlMjJjdXN0b20tc3ZnLTElMjBkLW5vbmUlMjBkLXNtLWJsb2NrJTIyJTIwdmVyc2lvbiUzRCUyMjEuMSUyMiUyMHhtbG5zJTNEJTIyaHR0cCUzQSUyRiUyRnd3dy53My5vcmclMkYyMDAwJTJGc3ZnJTIyJTIweG1sbnMlM0F4bGluayUzRCUyMmh0dHAlM0ElMkYlMkZ3d3cudzMub3JnJTJGMTk5OSUyRnhsaW5rJTIyJTIweCUzRCUyMjBweCUyMiUyMHklM0QlMjIwcHglMjIlMjB2aWV3Qm94JTNEJTIyMCUyMDAlMjA2NDklMjA1NzglMjIlM0UlMEElMDklMDklMDklMDklMDklMDklMDklM0NwYXRoJTIwZmlsbCUzRCUyMiUyM0ZGRiUyMiUyMGQlM0QlMjJNLTIyNS41JTJDMTU0LjdsMzU4LjQ1JTJDNDU2Ljk2YzcuNzElMkM5LjgzJTJDMjEuOTIlMkMxMS41NCUyQzMxLjc1JTJDMy44NGw0NTYuOTYtMzU4LjQ1YzkuODMtNy43MSUyQzExLjU0LTIxLjkyJTJDMy44NC0zMS43NSUwQSUwOSUwOSUwOSUwOSUwOSUwOSUwOSUwOUwyNjcuMDUtMjMxLjY2Yy03LjcxLTkuODMtMjEuOTItMTEuNTQtMzEuNzUtMy44NGwtNDU2Ljk2JTJDMzU4LjQ1Qy0yMzEuNDklMkMxMzAuNjYtMjMzLjIlMkMxNDQuODctMjI1LjUlMkMxNTQuN3olMjIlM0UlM0MlMkZwYXRoJTNFJTBBJTA5JTA5JTA5JTA5JTA5JTA5JTA5JTNDcGF0aCUyMGNsYXNzJTNEJTIyYW5pbWF0ZWQlMjBjdXN0b21MaW5lQW5pbSUyMiUyMGZpbGwlM0QlMjJub25lJTIyJTIwc3Ryb2tlJTNEJTIyJTIzMUM1RkE4JTIyJTIwc3Ryb2tlLXdpZHRoJTNEJTIyMS41JTIyJTIwc3Ryb2tlLW1pdGVybGltaXQlM0QlMjIxMCUyMiUyMGQlM0QlMjJNNDE2LTIxbDIwMi4yNyUyQzI5Mi45MWM1LjQyJTJDNy44NSUyQzMuNjMlMkMxOC41OS00LjA1JTJDMjQuMjVMMTk4JTJDNjAzJTIyJTIwc3R5bGUlM0QlMjJhbmltYXRpb24tZGVsYXklM0ElMjAzMDBtcyUzQiUyMGFuaW1hdGlvbi1kdXJhdGlvbiUzQSUyMDVzJTNCJTIyJTNFJTNDJTJGcGF0aCUzRSUwQSUwOSUwOSUwOSUwOSUwOSUwOSUzQyUyRnN2ZyUzRQ==[\/vc_raw_html][\/vc_column_inner][vc_column_inner el_class=\u00bbmb-5 z-index-1&#8243; width=\u00bb2\/3&#8243; offset=\u00bbvc_col-lg-5 vc_col-md-6&#8243;][vc_custom_heading text=\u00bbSeguridad total. Protegiendo lo que m\u00e1s importa.\u00bb font_container=\u00bbtag:h4|font_size:1.35em|text_align:left|color:%23969696|line_height:1.7&#8243; use_theme_fonts=\u00bbyes\u00bb font_weight=\u00bb700&#8243; letter_spacing=\u00bb-0.945px\u00bb animation_delay=\u00bb800&#8243; animation_type=\u00bbfadeInUp\u00bb el_class=\u00bbmb-1&#8243;][vc_custom_heading text=\u00bbSEGURINTEL, l\u00edderes en soluciones integrales de protecci\u00f3n.\u00bb font_container=\u00bbtag:h2|font_size:2.3em|text_align:left|line_height:44px\u00bb use_theme_fonts=\u00bbyes\u00bb letter_spacing=\u00bb-1.61px\u00bb animation_delay=\u00bb1100&#8243; el_class=\u00bbmb-4 pb-2&#8243; animation_type=\u00bbfadeInUp\u00bb][vc_btn title=\u00bbCONT\u00c1CTANOS\u00bb shape=\u00bbrounded\u00bb i_align=\u00bbright\u00bb i_icon_fontawesome=\u00bbfas fa-long-arrow-alt-right\u00bb skin=\u00bbprimary\u00bb btn_fs=\u00bb1em\u00bb btn_fw=\u00bb700&#8243; btn_ls=\u00bb0&#8243; animation_delay=\u00bb1300&#8243; add_icon=\u00bbtrue\u00bb animation_type=\u00bbfadeInUp\u00bb btn_px=\u00bb3rem\u00bb btn_py=\u00bb1.3132rem\u00bb el_class=\u00bbcustom-btn-arrow mb-0&#8243; link=\u00bburl:https%3A%2F%2Fsegurintel.com.ec%2F%3Fpage_id%3D26|title:Contactos\u00bb][\/vc_column_inner][\/vc_row_inner][\/vc_column][\/vc_row][vc_row content_placement=\u00bbmiddle\u00bb wrap_container=\u00bbyes\u00bb css=\u00bb.vc_custom_1686363452469{padding-top: 4.6153846154rem !important;padding-bottom: 4.6153846154rem !important;}\u00bb conditional_render=\u00bb%5B%7B%22value_role%22%3A%22administrator%22%7D%5D\u00bb el_class=\u00bbbg-primary\u00bb][vc_column el_class=\u00bbtext-center text-lg-start mb-4 mb-lg-0&#8243; offset=\u00bbvc_col-lg-7 vc_col-md-6&#8243;][vc_custom_heading text=\u00bbESTAMOS DISPONIBLES DE LUNES A VIERNES\u00bb font_container=\u00bbtag:h3|font_size:15.4px|text_align:left|color:%23ffffff|line_height:1&#8243; use_theme_fonts=\u00bbyes\u00bb font_weight=\u00bb500&#8243; el_class=\u00bbls-0 mb-2 mb-lg-2 text-center text-lg-start\u00bb][vc_custom_heading text=\u00bbNos complacer\u00e1 atenderte y brindarte asesoramiento personalizado\u00bb font_container=\u00bbtag:h3|font_size:32.2px|text_align:left|color:%23ffffff|line_height:1&#8243; use_theme_fonts=\u00bbyes\u00bb font_weight=\u00bb700&#8243; letter_spacing=\u00bb-1.61px\u00bb el_class=\u00bbmb-1 text-center text-lg-start\u00bb][vc_custom_heading text=\u00bbSomos la mejor soluci\u00f3n de seguridad integral\u00bb font_container=\u00bbtag:p|font_size:16.8px|text_align:left|color:rgba(255%2C255%2C255%2C0.7)|line_height:26px\u00bb use_theme_fonts=\u00bbyes\u00bb font_weight=\u00bb700&#8243; el_class=\u00bbmb-0 text-center text-lg-start\u00bb][\/vc_column][vc_column el_class=\u00bbcustom-flex\u00bb offset=\u00bbvc_col-lg-5 vc_col-md-6&#8243;]<div class=\"porto-sicon-box custom-view-more mb-3 mb-lg-0  wpb_custom_2afec8a09e21a7ae108923d29f51513a style_1 default-icon\"><div class=\"porto-sicon-default\"><div class=\"porto-just-icon-wrapper porto-icon none\" style=\"color:#ffffff;font-size:28.8px;margin-right:0px;\"><i class=\"porto-icon-phone-1\"><\/i><\/div><\/div><div class=\"porto-sicon-header\"><h5 class=\"porto-sicon-title\" style=\"color:#ffffff;margin-bottom:4px;\">LL\u00c1MANOS<\/h5><p style=\"font-weight:700;font-size:18.9px;line-height:1.2;color:#ffffff;\">+(593) 939701615<\/p><\/div> <!-- header --><\/div><!-- porto-sicon-box -->[vc_btn title=\u00bbCONT\u00c1CTANOS\u00bb shape=\u00bbrounded\u00bb align=\u00bbleft\u00bb skin=\u00bblight\u00bb btn_fs=\u00bb0.8rem\u00bb btn_fw=\u00bb700&#8243; btn_ls=\u00bb0&#8243; el_cls=\u00bbbtn-borders\u00bb animation_delay=\u00bb1500&#8243; link=\u00bburl:https%3A%2F%2Fsegurintel.com.ec%2F%3Fpage_id%3D26|title:Contactos\u00bb btn_px=\u00bb2.4rem\u00bb btn_py=\u00bb1.282rem\u00bb el_class=\u00bbmb-0&#8243;][\/vc_column][\/vc_row][vc_row content_placement=\u00bbmiddle\u00bb wrap_container=\u00bbyes\u00bb el_class=\u00bbmy-5 pt-md-4 pt-xl-0&#8243;][vc_column el_class=\u00bbpb-sm-4 pb-lg-0 mb-5 mb-lg-0&#8243; offset=\u00bbvc_col-md-6&#8243;][vc_custom_heading text=\u00bbEn SEGURIDAD INTEGRAL SEGURINTEL,\u00bb use_theme_fonts=\u00bbyes\u00bb animation_type=\u00bbfadeInUp\u00bb el_class=\u00bbmb-0&#8243;][vc_separator color=\u00bbcustom\u00bb align=\u00bbalign_left\u00bb border_width=\u00bb4&#8243; css_animation=\u00bbleft-to-right\u00bb style=\u00bbsolid\u00bb el_class=\u00bbcustom-separator customLineProgressAnim my-3&#8243; accent_color=\u00bb#1c5fa8&#8243;][vc_custom_heading text=\u00bbValoramos la eficiencia y la garant\u00eda en todo lo que hacemos. Nos esforzamos por ser eficientes en la ejecuci\u00f3n de nuestros servicios, optimizando recursos y entregando resultados de calidad en tiempo y forma. Respaldamos nuestros productos y servicios con garant\u00eda, asegurando la satisfacci\u00f3n total de nuestros clientes.\u00bb font_container=\u00bbtag:p|font_size:15.4px|text_align:left|line_height:26px\u00bb use_theme_fonts=\u00bbyes\u00bb font_weight=\u00bb300&#8243; letter_spacing=\u00bb0&#8243; animation_delay=\u00bb450&#8243; el_class=\u00bbmb-4&#8243; animation_type=\u00bbfadeInUp\u00bb][vc_custom_heading text=\u00bbNos enorgullece ser reconocidos como l\u00edderes en el sector de seguridad integral. Nuestra visi\u00f3n es consolidarnos como una empresa del m\u00e1s alto nivel de credibilidad a nivel nacional para el a\u00f1o 2025. Trabajamos arduamente para superar las expectativas de nuestros clientes, incorporando sistemas y estrategias en seguridad corporativas y utilizando tecnolog\u00eda de punta.\u00bb font_container=\u00bbtag:p|text_align:left\u00bb use_theme_fonts=\u00bbyes\u00bb animation_delay=\u00bb700&#8243; el_class=\u00bbpb-1 mb-4&#8243; animation_type=\u00bbfadeInUp\u00bb]<div class=\"porto-ultimate-content-box-container custom-view-more\" data-appear-animation=\"fadeInLeft\" data-appear-animation-delay=\"950\"><style>#porto_ucb_2237{will-change: box-shadow;box-shadow: none;}#porto_ucb_2237:hover{box-shadow:none}<\/style><div class=\"porto-ultimate-content-box\" style=\"\" id=\"porto_ucb_2237\">[vc_btn title=\u00bb\u00bfQUIERES TRABAJAR CON NOSOTROS?\u00bb shape=\u00bbrounded\u00bb skin=\u00bbprimary\u00bb btn_fs=\u00bb14px\u00bb btn_fw=\u00bb700&#8243; btn_ls=\u00bb0&#8243; animation_delay=\u00bb\u00bb link=\u00bburl:https%3A%2F%2Fsegurintel.com.ec%2F%3Fpage_id%3D24|title:Formulario%20de%20trabaja%20con%20nosotros\u00bb btn_px=\u00bb3rem\u00bb btn_py=\u00bb1.3132rem\u00bb el_class=\u00bbmb-sm-0 me-sm-2&#8243;][vc_single_image image=\u00bb742&#8243; img_size=\u00bbfull\u00bb]<\/div><\/div>[\/vc_column][vc_column width=\u00bb3\/4&#8243; animation_delay=\u00bb1450&#8243; el_class=\u00bbps-lg-5 pe-lg-5 custom-auto-img\u00bb offset=\u00bbvc_col-md-6 vc_col-xs-10&#8243; animation_type=\u00bbfadeInLeft\u00bb conditional_render=\u00bb%5B%7B%22value_role%22%3A%22administrator%22%7D%5D\u00bb][vc_single_image image=\u00bb750&#8243; img_size=\u00bbfull\u00bb floating_start_pos=\u00bbtop\u00bb floating_speed=\u00bb9.8&#8243; floating_duration=\u00bb1000&#8243; el_class=\u00bbmb-0&#8243;]<div class=\"porto-ultimate-content-box-container auto-1 transform3dxy-n50\"><style>#porto_ucb_2867{will-change: box-shadow;box-shadow: none;}#porto_ucb_2867:hover{box-shadow:none}<\/style><div class=\"porto-ultimate-content-box\" style=\"\" id=\"porto_ucb_2867\">[vc_single_image image=\u00bb73&#8243; floating_start_pos=\u00bbtop\u00bb floating_speed=\u00bb0.5&#8243; el_class=\u00bbmb-0&#8243; floating_duration=\u00bb2000&#8243;]<\/div><\/div><div class=\"porto-ultimate-content-box-container auto-2 transform3dxy-n50\"><style>#porto_ucb_5451{will-change: box-shadow;box-shadow: none;}#porto_ucb_5451:hover{box-shadow:none}<\/style><div class=\"porto-ultimate-content-box\" style=\"\" id=\"porto_ucb_5451\">[vc_single_image image=\u00bb74&#8243; floating_start_pos=\u00bbtop\u00bb floating_speed=\u00bb2.5&#8243; el_class=\u00bbmb-0&#8243; floating_duration=\u00bb1500&#8243;]<\/div><\/div><div class=\"porto-ultimate-content-box-container auto-3 transform3dxy-n50\"><style>#porto_ucb_7771{will-change: box-shadow;box-shadow: none;}#porto_ucb_7771:hover{box-shadow:none}<\/style><div class=\"porto-ultimate-content-box\" style=\"\" id=\"porto_ucb_7771\">[vc_single_image image=\u00bb75&#8243; floating_start_pos=\u00bbtop\u00bb floating_speed=\u00bb2&#8243; el_class=\u00bbmb-0&#8243; floating_duration=\u00bb2500&#8243;]<\/div><\/div>[\/vc_column][\/vc_row][vc_row wrap_container=\u00bbyes\u00bb el_class=\u00bbpy-5 my-5&#8243;][vc_column][vc_row_inner][vc_column_inner el_class=\u00bbmx-auto\u00bb offset=\u00bbvc_col-lg-8 vc_col-md-9&#8243;][vc_custom_heading text=\u00bbSERVICIOS\u00bb use_theme_fonts=\u00bbyes\u00bb animation_delay=\u00bb300&#8243; animation_type=\u00bbfadeInUp\u00bb el_class=\u00bbtext-center mb-0&#8243;][vc_separator color=\u00bbcustom\u00bb align=\u00bbalign_left\u00bb border_width=\u00bb4&#8243; css_animation=\u00bbleft-to-right\u00bb style=\u00bbsolid\u00bb el_class=\u00bbcustom-separator customLineProgressAnim my-3 text-center\u00bb accent_color=\u00bb#1c5fa8&#8243;][vc_custom_heading text=\u00bbYa sea que necesites servicios de vigilancia y monitoreo las 24 horas, control de acceso y seguridad perimetral, o asesoramiento en seguridad corporativa, estamos aqu\u00ed para ayudarte. Nuestro enfoque integral nos permite adaptarnos a tus necesidades espec\u00edficas y brindarte soluciones a medida.\u00bb font_container=\u00bbtag:p|font_size:15.4px|text_align:left|line_height:26px\u00bb use_theme_fonts=\u00bbyes\u00bb font_weight=\u00bb300&#8243; letter_spacing=\u00bb0&#8243; animation_delay=\u00bb450&#8243; el_class=\u00bbtext-center p-t-xs m-b-xl p-b-xs\u00bb animation_type=\u00bbfadeInUp\u00bb][\/vc_column_inner][\/vc_row_inner][vc_row_inner gap=\u00bb20&#8243; el_class=\u00bbcustom-service-gallery\u00bb][vc_column_inner width=\u00bb1\/2&#8243; offset=\u00bbvc_col-md-3 vc_col-xs-6&#8243; css=\u00bb.vc_custom_1686498052020{padding-right: 3% !important;padding-left: 3% !important;}\u00bb][vc_single_image image=\u00bb672&#8243; img_size=\u00bb\u00bb alignment=\u00bbcenter\u00bb style=\u00bbvc_box_shadow_border\u00bb][vc_column_text]<\/p>\n<h4 style=\"text-align: center;\">Outsourcing de seguridad.<\/h4>\n<p>[\/vc_column_text][\/vc_column_inner][vc_column_inner width=\u00bb1\/2&#8243; offset=\u00bbvc_col-md-3 vc_col-xs-6&#8243; css=\u00bb.vc_custom_1686498058996{padding-right: 3% !important;padding-left: 3% !important;}\u00bb][vc_single_image image=\u00bb674&#8243; img_size=\u00bb\u00bb alignment=\u00bbcenter\u00bb style=\u00bbvc_box_shadow_border\u00bb][vc_column_text]<\/p>\n<h4 style=\"text-align: center;\">Seguridad en las operaciones del traslado de veh\u00edculos de carga por carreteras.<\/h4>\n<p>[\/vc_column_text][\/vc_column_inner][vc_column_inner width=\u00bb1\/2&#8243; offset=\u00bbvc_col-md-3 vc_col-xs-6&#8243; css=\u00bb.vc_custom_1686498065100{padding-right: 3% !important;padding-left: 3% !important;}\u00bb][vc_single_image image=\u00bb661&#8243; img_size=\u00bb\u00bb alignment=\u00bbcenter\u00bb style=\u00bbvc_box_shadow_border\u00bb][vc_column_text]<\/p>\n<h4 style=\"text-align: center;\">Vigilancia y protecci\u00f3n permanente a personas y a cualquier tipo de instalaciones, con o sin armas.<\/h4>\n<p>[\/vc_column_text][\/vc_column_inner][vc_column_inner width=\u00bb1\/2&#8243; offset=\u00bbvc_col-md-3 vc_col-xs-6&#8243; css=\u00bb.vc_custom_1686498070812{padding-right: 3% !important;padding-left: 3% !important;}\u00bb][vc_single_image image=\u00bb670&#8243; img_size=\u00bb\u00bb alignment=\u00bbcenter\u00bb style=\u00bbvc_box_shadow_border\u00bb][vc_column_text]<\/p>\n<h4 style=\"text-align: center;\">Monitoreo de actividades en salas de CCTV.<\/h4>\n<p>[\/vc_column_text][\/vc_column_inner][\/vc_row_inner][vc_btn title=\u00bbCONTACTAR\u00bb shape=\u00bbrounded\u00bb align=\u00bbcenter\u00bb skin=\u00bbprimary\u00bb btn_fs=\u00bb14px\u00bb btn_fw=\u00bb700&#8243; btn_ls=\u00bb0&#8243; animation_delay=\u00bb\u00bb link=\u00bburl:https%3A%2F%2Fsegurintel.com.ec%2F%3Fpage_id%3D26|title:CONTACTAR\u00bb btn_px=\u00bb2.4rem\u00bb btn_py=\u00bb1.313rem\u00bb el_class=\u00bbmb-sm-0&#8243; css=\u00bb.vc_custom_1687267043941{margin-top: 28px !important;}\u00bb][\/vc_column][\/vc_row]<\/p>\n<\/section>","protected":false},"excerpt":{"rendered":"<p>[vc_row no_padding=\u00bbyes\u00bb el_class=\u00bboverflow-hidden\u00bb conditional_render=\u00bb%5B%7B%22condition_a%22%3A%22device%22%2C%22comparative_operator%22%3A%22not_equal%22%2C%22value_device%22%3A%22tablet_mobile%22%2C%22value_role%22%3A%22administrator%22%7D%5D\u00bb][vc_column][vc_row_inner wrap_container=\u00bbyes\u00bb el_class=\u00bbcustom-bg-white position-relative py-sm-5 my-5&#8243;][vc_column_inner][vc_raw_html el_class=\u00bbmb-0&#8243;]JTNDc3ZnJTIwY2xhc3MlM0QlMjJjdXN0b20tc3ZnLTElMjBkLW5vbmUlMjBkLXNtLWJsb2NrJTIyJTIwdmVyc2lvbiUzRCUyMjEuMSUyMiUyMHhtbG5zJTNEJTIyaHR0cCUzQSUyRiUyRnd3dy53My5vcmclMkYyMDAwJTJGc3ZnJTIyJTIweG1sbnMlM0F4bGluayUzRCUyMmh0dHAlM0ElMkYlMkZ3d3cudzMub3JnJTJGMTk5OSUyRnhsaW5rJTIyJTIweCUzRCUyMjBweCUyMiUyMHklM0QlMjIwcHglMjIlMjB2aWV3Qm94JTNEJTIyMCUyMDAlMjA2NDklMjA1NzglMjIlM0UlMEElMDklMDklMDklMDklMDklMDklMDklM0NwYXRoJTIwZmlsbCUzRCUyMiUyM0ZGRiUyMiUyMGQlM0QlMjJNLTIyNS41JTJDMTU0LjdsMzU4LjQ1JTJDNDU2Ljk2YzcuNzElMkM5LjgzJTJDMjEuOTIlMkMxMS41NCUyQzMxLjc1JTJDMy44NGw0NTYuOTYtMzU4LjQ1YzkuODMtNy43MSUyQzExLjU0LTIxLjkyJTJDMy44NC0zMS43NSUwQSUwOSUwOSUwOSUwOSUwOSUwOSUwOSUwOUwyNjcuMDUtMjMxLjY2Yy03LjcxLTkuODMtMjEuOTItMTEuNTQtMzEuNzUtMy44NGwtNDU2Ljk2JTJDMzU4LjQ1Qy0yMzEuNDklMkMxMzAuNjYtMjMzLjIlMkMxNDQuODctMjI1LjUlMkMxNTQuN3olMjIlM0UlM0MlMkZwYXRoJTNFJTBBJTA5JTA5JTA5JTA5JTA5JTA5JTA5JTNDcGF0aCUyMGNsYXNzJTNEJTIyYW5pbWF0ZWQlMjBjdXN0b21MaW5lQW5pbSUyMiUyMGZpbGwlM0QlMjJub25lJTIyJTIwc3Ryb2tlJTNEJTIyJTIzMUM1RkE4JTIyJTIwc3Ryb2tlLXdpZHRoJTNEJTIyMS41JTIyJTIwc3Ryb2tlLW1pdGVybGltaXQlM0QlMjIxMCUyMiUyMGQlM0QlMjJNNDE2LTIxbDIwMi4yNyUyQzI5Mi45MWM1LjQyJTJDNy44NSUyQzMuNjMlMkMxOC41OS00LjA1JTJDMjQuMjVMMTk4JTJDNjAzJTIyJTIwc3R5bGUlM0QlMjJhbmltYXRpb24tZGVsYXklM0ElMjAzMDBtcyUzQiUyMGFuaW1hdGlvbi1kdXJhdGlvbiUzQSUyMDVzJTNCJTIyJTNFJTNDJTJGcGF0aCUzRSUwQSUwOSUwOSUwOSUwOSUwOSUwOSUzQyUyRnN2ZyUzRQ==[\/vc_raw_html][\/vc_column_inner][vc_column_inner el_class=\u00bbmb-5 z-index-1&#8243; width=\u00bb2\/3&#8243; offset=\u00bbvc_col-lg-5 vc_col-md-6&#8243;][vc_custom_heading text=\u00bbSeguridad total. Protegiendo lo que m\u00e1s importa.\u00bb font_container=\u00bbtag:h4|font_size:1.35em|text_align:left|color:%23969696|line_height:1.7&#8243; use_theme_fonts=\u00bbyes\u00bb font_weight=\u00bb700&#8243; letter_spacing=\u00bb-0.945px\u00bb animation_delay=\u00bb800&#8243; animation_type=\u00bbfadeInUp\u00bb el_class=\u00bbmb-1&#8243;][vc_custom_heading text=\u00bbSEGURINTEL, l\u00edderes en soluciones integrales de protecci\u00f3n.\u00bb font_container=\u00bbtag:h2|font_size:2.3em|text_align:left|line_height:44px\u00bb use_theme_fonts=\u00bbyes\u00bb letter_spacing=\u00bb-1.61px\u00bb animation_delay=\u00bb1100&#8243; el_class=\u00bbmb-4 pb-2&#8243; animation_type=\u00bbfadeInUp\u00bb][vc_btn title=\u00bbCONT\u00c1CTANOS\u00bb shape=\u00bbrounded\u00bb i_align=\u00bbright\u00bb i_icon_fontawesome=\u00bbfas fa-long-arrow-alt-right\u00bb skin=\u00bbprimary\u00bb btn_fs=\u00bb1em\u00bb btn_fw=\u00bb700&#8243; btn_ls=\u00bb0&#8243; animation_delay=\u00bb1300&#8243; add_icon=\u00bbtrue\u00bb animation_type=\u00bbfadeInUp\u00bb [&hellip;]<\/p>\n","protected":false},"author":1,"featured_media":0,"parent":0,"menu_order":0,"comment_status":"closed","ping_status":"closed","template":"","meta":[],"_links":{"self":[{"href":"https:\/\/segurintel.com.ec\/index.php?rest_route=\/wp\/v2\/pages\/20"}],"collection":[{"href":"https:\/\/segurintel.com.ec\/index.php?rest_route=\/wp\/v2\/pages"}],"about":[{"href":"https:\/\/segurintel.com.ec\/index.php?rest_route=\/wp\/v2\/types\/page"}],"author":[{"embeddable":true,"href":"https:\/\/segurintel.com.ec\/index.php?rest_route=\/wp\/v2\/users\/1"}],"replies":[{"embeddable":true,"href":"https:\/\/segurintel.com.ec\/index.php?rest_route=%2Fwp%2Fv2%2Fcomments&post=20"}],"version-history":[{"count":27,"href":"https:\/\/segurintel.com.ec\/index.php?rest_route=\/wp\/v2\/pages\/20\/revisions"}],"predecessor-version":[{"id":788,"href":"https:\/\/segurintel.com.ec\/index.php?rest_route=\/wp\/v2\/pages\/20\/revisions\/788"}],"wp:attachment":[{"href":"https:\/\/segurintel.com.ec\/index.php?rest_route=%2Fwp%2Fv2%2Fmedia&parent=20"}],"curies":[{"name":"wp","href":"https:\/\/api.w.org\/{rel}","templated":true}]}}