{"id":16,"date":"2020-12-25T14:58:49","date_gmt":"2020-12-25T14:58:49","guid":{"rendered":"http:\/\/sw-themes.com\/porto_dummy\/?page_id=16"},"modified":"2023-06-20T15:15:23","modified_gmt":"2023-06-20T20:15:23","slug":"services","status":"publish","type":"page","link":"https:\/\/segurintel.com.ec\/?page_id=16","title":{"rendered":"Servicios"},"content":{"rendered":"<section class=\"wpb-content-wrapper\"><p>[vc_row wrap_container=\u00bbyes\u00bb el_class=\u00bbpy-4 my-5&#8243;][vc_column][vc_custom_heading text=\u00bb\u00abSeguridad total. Protegiendo lo que m\u00e1s importa. SEGURINTEL, l\u00edderes en soluciones integrales de protecci\u00f3n.\u00ab\u00bb font_container=\u00bbtag:h2|font_size:16.8px|text_align:left|color:%23777777|line_height:26px\u00bb use_theme_fonts=\u00bbyes\u00bb font_weight=\u00bb600&#8243; letter_spacing=\u00bb0&#8243; animation_delay=\u00bb300&#8243; animation_type=\u00bbfadeInUp\u00bb el_class=\u00bbmb-4&#8243;][vc_custom_heading text=\u00bbEn SEGURINTEL, entendemos que la seguridad es una necesidad primordial en nuestra sociedad actual. Ya sea que se trate de la protecci\u00f3n de tu hogar, empresa o evento, estamos aqu\u00ed para proporcionarte las soluciones m\u00e1s efectivas y personalizadas. Nuestro equipo de profesionales altamente calificados y equipados con tecnolog\u00eda de vanguardia est\u00e1 listo para enfrentar cualquier desaf\u00edo y garantizar tu seguridad en todo momento.\u00bb font_container=\u00bbtag:p|font_size:14px|text_align:left|line_height:26px\u00bb use_theme_fonts=\u00bbyes\u00bb font_weight=\u00bb400&#8243; letter_spacing=\u00bb0&#8243; animation_delay=\u00bb450&#8243; animation_type=\u00bbfadeInUp\u00bb el_class=\u00bbmb-3 pb-1&#8243;][vc_custom_heading text=\u00bbConf\u00eda en SEGURINTEL para proteger lo que m\u00e1s valoras. Estamos listos para trabajar contigo y brindarte la tranquilidad y seguridad que mereces. A continuaci\u00f3n, encontrar\u00e1s una lista de los servicios que ofrecemos para ayudarte a satisfacer todas tus necesidades de seguridad.\u00bb font_container=\u00bbtag:p|font_size:14px|text_align:left|line_height:26px\u00bb use_theme_fonts=\u00bbyes\u00bb font_weight=\u00bb400&#8243; letter_spacing=\u00bb0&#8243; animation_delay=\u00bb250&#8243; animation_type=\u00bbfadeInUp\u00bb css=\u00bb.vc_custom_1686488204155{margin-bottom: 26px !important;}\u00bb][vc_row_inner gap=\u00bb20&#8243; el_class=\u00bbcustom-service-gallery\u00bb][vc_column_inner width=\u00bb1\/2&#8243; offset=\u00bbvc_col-md-3 vc_col-xs-6&#8243; css=\u00bb.vc_custom_1686498052020{padding-right: 3% !important;padding-left: 3% !important;}\u00bb][vc_single_image image=\u00bb672&#8243; img_size=\u00bb\u00bb alignment=\u00bbcenter\u00bb style=\u00bbvc_box_shadow_border\u00bb][vc_column_text]<\/p>\n<h4 style=\"text-align: center;\">Outsourcing de seguridad.<\/h4>\n<p>[\/vc_column_text][\/vc_column_inner][vc_column_inner width=\u00bb1\/2&#8243; offset=\u00bbvc_col-md-3 vc_col-xs-6&#8243; css=\u00bb.vc_custom_1686498058996{padding-right: 3% !important;padding-left: 3% !important;}\u00bb][vc_single_image image=\u00bb674&#8243; img_size=\u00bb\u00bb alignment=\u00bbcenter\u00bb style=\u00bbvc_box_shadow_border\u00bb][vc_column_text]<\/p>\n<h4 style=\"text-align: center;\">Seguridad en las operaciones del traslado de veh\u00edculos de carga por carreteras.<\/h4>\n<p>[\/vc_column_text][\/vc_column_inner][vc_column_inner width=\u00bb1\/2&#8243; offset=\u00bbvc_col-md-3 vc_col-xs-6&#8243; css=\u00bb.vc_custom_1686498065100{padding-right: 3% !important;padding-left: 3% !important;}\u00bb][vc_single_image image=\u00bb661&#8243; img_size=\u00bb\u00bb alignment=\u00bbcenter\u00bb style=\u00bbvc_box_shadow_border\u00bb][vc_column_text]<\/p>\n<h4 style=\"text-align: center;\">Vigilancia y protecci\u00f3n permanente a personas y a cualquier tipo de instalaciones, con o sin armas.<\/h4>\n<p>[\/vc_column_text][\/vc_column_inner][vc_column_inner width=\u00bb1\/2&#8243; offset=\u00bbvc_col-md-3 vc_col-xs-6&#8243; css=\u00bb.vc_custom_1686498070812{padding-right: 3% !important;padding-left: 3% !important;}\u00bb][vc_single_image image=\u00bb670&#8243; img_size=\u00bb\u00bb alignment=\u00bbcenter\u00bb style=\u00bbvc_box_shadow_border\u00bb][vc_column_text]<\/p>\n<h4 style=\"text-align: center;\">Monitoreo de actividades en salas de CCTV.<\/h4>\n<p>[\/vc_column_text][\/vc_column_inner][\/vc_row_inner][\/vc_column][\/vc_row][vc_row content_placement=\u00bbmiddle\u00bb wrap_container=\u00bbyes\u00bb el_class=\u00bbbg-primary\u00bb css=\u00bb.vc_custom_1640720800799{padding-top: 4.6153846154rem !important;padding-bottom: 4.6153846154rem !important;}\u00bb][vc_column el_class=\u00bbtext-center text-lg-start mb-4 mb-lg-0&#8243; offset=\u00bbvc_col-lg-7 vc_col-md-6&#8243;][vc_custom_heading text=\u00bbESTAMOS DISPONIBLES DE LUNES A VIERNES\u00bb font_container=\u00bbtag:h3|font_size:15.4px|text_align:left|color:%23ffffff|line_height:1&#8243; use_theme_fonts=\u00bbyes\u00bb font_weight=\u00bb500&#8243; el_class=\u00bbls-0 mb-2 mb-lg-2 text-center text-lg-start\u00bb][vc_custom_heading text=\u00bbNos complacer\u00e1 atenderte y brindarte asesoramiento personalizado\u00bb font_container=\u00bbtag:h3|font_size:32.2px|text_align:left|color:%23ffffff|line_height:1&#8243; use_theme_fonts=\u00bbyes\u00bb font_weight=\u00bb700&#8243; letter_spacing=\u00bb-1.61px\u00bb el_class=\u00bbmb-1 text-center text-lg-start\u00bb][vc_custom_heading text=\u00bbSomos la mejor soluci\u00f3n de seguridad integral\u00bb font_container=\u00bbtag:p|font_size:16.8px|text_align:left|color:rgba(255%2C255%2C255%2C0.7)|line_height:26px\u00bb use_theme_fonts=\u00bbyes\u00bb font_weight=\u00bb700&#8243; el_class=\u00bbmb-0 text-center text-lg-start\u00bb][\/vc_column][vc_column el_class=\u00bbcustom-flex\u00bb offset=\u00bbvc_col-lg-5 vc_col-md-6&#8243;]<div class=\"porto-sicon-box custom-view-more mb-3 mb-lg-0  wpb_custom_1efe903570d178ff0a9b7bfa5febd3a4 style_1 default-icon\"><div class=\"porto-sicon-default\"><div class=\"porto-just-icon-wrapper porto-icon none\" style=\"color:#ffffff;font-size:28.8px;margin-right:0px;\"><i class=\"Simple-Line-Icons-phone\"><\/i><\/div><\/div><div class=\"porto-sicon-header\"><h5 class=\"porto-sicon-title\" style=\"font-weight:600;font-size:11.2px;line-height:13.44px;color:#ffffff;margin-bottom:4px;\">LL\u00c1MANOS<\/h5><p style=\"font-weight:700;font-size:18.9px;line-height:1.2;color:#ffffff;\">0967486244<\/p><\/div> <!-- header --><\/div><!-- porto-sicon-box -->[vc_btn title=\u00bbCONTACTAR\u00bb shape=\u00bbrounded\u00bb align=\u00bbleft\u00bb skin=\u00bblight\u00bb btn_fs=\u00bb0.8rem\u00bb btn_fw=\u00bb700&#8243; btn_ls=\u00bb0&#8243; el_cls=\u00bbbtn-borders\u00bb animation_delay=\u00bb1500&#8243; link=\u00bburl:https%3A%2F%2Fsegurintel.com.ec%2F%3Fpage_id%3D26|title:Contactar\u00bb btn_px=\u00bb2.4rem\u00bb btn_py=\u00bb1.282rem\u00bb el_class=\u00bbmb-0&#8243;][\/vc_column][\/vc_row]<\/p>\n<\/section>","protected":false},"excerpt":{"rendered":"<p>[vc_row wrap_container=\u00bbyes\u00bb el_class=\u00bbpy-4 my-5&#8243;][vc_column][vc_custom_heading text=\u00bb\u00abSeguridad total. Protegiendo lo que m\u00e1s importa. SEGURINTEL, l\u00edderes en soluciones integrales de protecci\u00f3n.\u00ab\u00bb font_container=\u00bbtag:h2|font_size:16.8px|text_align:left|color:%23777777|line_height:26px\u00bb use_theme_fonts=\u00bbyes\u00bb font_weight=\u00bb600&#8243; letter_spacing=\u00bb0&#8243; animation_delay=\u00bb300&#8243; animation_type=\u00bbfadeInUp\u00bb el_class=\u00bbmb-4&#8243;][vc_custom_heading text=\u00bbEn SEGURINTEL, entendemos que la seguridad es una necesidad primordial en nuestra sociedad actual. Ya sea que se trate de la protecci\u00f3n de tu hogar, empresa o evento, estamos aqu\u00ed [&hellip;]<\/p>\n","protected":false},"author":1,"featured_media":0,"parent":0,"menu_order":0,"comment_status":"closed","ping_status":"closed","template":"","meta":[],"_links":{"self":[{"href":"https:\/\/segurintel.com.ec\/index.php?rest_route=\/wp\/v2\/pages\/16"}],"collection":[{"href":"https:\/\/segurintel.com.ec\/index.php?rest_route=\/wp\/v2\/pages"}],"about":[{"href":"https:\/\/segurintel.com.ec\/index.php?rest_route=\/wp\/v2\/types\/page"}],"author":[{"embeddable":true,"href":"https:\/\/segurintel.com.ec\/index.php?rest_route=\/wp\/v2\/users\/1"}],"replies":[{"embeddable":true,"href":"https:\/\/segurintel.com.ec\/index.php?rest_route=%2Fwp%2Fv2%2Fcomments&post=16"}],"version-history":[{"count":22,"href":"https:\/\/segurintel.com.ec\/index.php?rest_route=\/wp\/v2\/pages\/16\/revisions"}],"predecessor-version":[{"id":701,"href":"https:\/\/segurintel.com.ec\/index.php?rest_route=\/wp\/v2\/pages\/16\/revisions\/701"}],"wp:attachment":[{"href":"https:\/\/segurintel.com.ec\/index.php?rest_route=%2Fwp%2Fv2%2Fmedia&parent=16"}],"curies":[{"name":"wp","href":"https:\/\/api.w.org\/{rel}","templated":true}]}}