{"id":14,"date":"2020-12-25T14:56:53","date_gmt":"2020-12-25T14:56:53","guid":{"rendered":"http:\/\/sw-themes.com\/porto_dummy\/?page_id=14"},"modified":"2023-07-12T11:27:29","modified_gmt":"2023-07-12T16:27:29","slug":"about","status":"publish","type":"page","link":"https:\/\/segurintel.com.ec\/?page_id=14","title":{"rendered":"Nosotros"},"content":{"rendered":"<section class=\"wpb-content-wrapper\"><p>[vc_row content_placement=\u00bbmiddle\u00bb wrap_container=\u00bbyes\u00bb el_class=\u00bbmt-5 pt-4 m-b-lg\u00bb][vc_column el_class=\u00bbpb-sm-4 pb-lg-0 mb-5 mb-lg-0&#8243; offset=\u00bbvc_col-md-6&#8243;][vc_custom_heading text=\u00bbSEGURIDAD INTEGRAL SEGURINTEL C. LTDA\u00bb use_theme_fonts=\u00bbyes\u00bb animation_type=\u00bbfadeInUp\u00bb el_class=\u00bbmb-0&#8243;][vc_separator color=\u00bbcustom\u00bb align=\u00bbalign_left\u00bb border_width=\u00bb4&#8243; css_animation=\u00bbleft-to-right\u00bb style=\u00bbsolid\u00bb el_class=\u00bbcustom-separator customLineProgressAnim my-3&#8243; accent_color=\u00bb#1c5fa8&#8243;][vc_custom_heading text=\u00bbConstituida en el a\u00f1o 2000 viene brindando servicios de seguridad y vigilancia a diferentes instituciones p\u00fablicas y privadas, tiempo en el cual hemos adquirido experiencia dando m\u00faltiples soluciones a las diferentes necesidades requeridas por nuestros clientes.\u00bb font_container=\u00bbtag:p|font_size:15.4px|text_align:left|line_height:26px\u00bb use_theme_fonts=\u00bbyes\u00bb font_weight=\u00bb300&#8243; letter_spacing=\u00bb0&#8243; animation_delay=\u00bb450&#8243; el_class=\u00bbmb-4&#8243; animation_type=\u00bbfadeInUp\u00bb][vc_custom_heading text=\u00bbPara tranquilidad de nuestros clientes y buen funcionamiento de Seguridad Integral Segurintel C. Ltda., cumplimos con todas las exigencias legales que nos permiten brindar nuestros servicios, respaldadas con los permisos de funcionamiento otorgado por el Comando Conjunto de las Fuerzas Armadas y el Ministerio del Interior. Nuestro personal es altamente capacitado y profesional en la aplicaci\u00f3n de rigurosos procedimientos de Seguridad cumpliendo los est\u00e1ndares exigibles como es la certificaci\u00f3n BASC.\u00bb font_container=\u00bbtag:p|text_align:left\u00bb use_theme_fonts=\u00bbyes\u00bb animation_delay=\u00bb700&#8243; el_class=\u00bbpb-1 mb-4&#8243; animation_type=\u00bbfadeInUp\u00bb][vc_row_inner animation_delay=\u00bb1250&#8243; el_class=\u00bbposition-relative z-index-1 pt-1&#8243; animation_type=\u00bbfadeInLeft\u00bb][vc_column_inner width=\u00bb1\/3&#8243; animation_delay=\u00bb750&#8243; animation_type=\u00bbfadeInLeft\u00bb offset=\u00bbvc_col-xs-6&#8243;]<div class=\"porto-sicon-box  vc_custom_1686486309294  wpb_custom_1efe903570d178ff0a9b7bfa5febd3a4 style_1 default-icon\"><div class=\"porto-sicon-default\"><div class=\"porto-just-icon-wrapper porto-icon advanced\" style=\"color:#212529;border-style:solid;border-color:#e9e9e9;border-width:1px;width:30px;height:30px;line-height:30px;border-radius:500px;font-size:14px;margin-right:10px;\"><i class=\"fas fa-check\"><\/i><\/div><\/div><div class=\"porto-sicon-header\"><h3 class=\"porto-sicon-title\" style=\"font-weight:600;font-size:14px;line-height:24px;letter-spacing:0;color:#212529;\">Seguridad<\/h3><\/div> <!-- header --><\/div><!-- porto-sicon-box --><div class=\"porto-sicon-box  vc_custom_1686486348076  wpb_custom_1efe903570d178ff0a9b7bfa5febd3a4 style_1 default-icon\"><div class=\"porto-sicon-default\"><div class=\"porto-just-icon-wrapper porto-icon advanced\" style=\"color:#212529;border-style:solid;border-color:#e9e9e9;border-width:1px;width:30px;height:30px;line-height:30px;border-radius:500px;font-size:14px;margin-right:10px;\"><i class=\"fas fa-check\"><\/i><\/div><\/div><div class=\"porto-sicon-header\"><h3 class=\"porto-sicon-title\" style=\"font-weight:600;font-size:14px;line-height:24px;letter-spacing:0;color:#212529;\">Garant\u00eda<\/h3><\/div> <!-- header --><\/div><!-- porto-sicon-box --><div class=\"porto-sicon-box  vc_custom_1686486380811  wpb_custom_1efe903570d178ff0a9b7bfa5febd3a4 style_1 default-icon\"><div class=\"porto-sicon-default\"><div class=\"porto-just-icon-wrapper porto-icon advanced\" style=\"color:#212529;border-style:solid;border-color:#e9e9e9;border-width:1px;width:30px;height:30px;line-height:30px;border-radius:500px;font-size:14px;margin-right:10px;\"><i class=\"fas fa-check\"><\/i><\/div><\/div><div class=\"porto-sicon-header\"><h3 class=\"porto-sicon-title\" style=\"font-weight:600;font-size:14px;line-height:24px;letter-spacing:0;color:#212529;\">Responsabilidad<\/h3><\/div> <!-- header --><\/div><!-- porto-sicon-box --><div class=\"porto-sicon-box  vc_custom_1686486426685  wpb_custom_1efe903570d178ff0a9b7bfa5febd3a4 style_1 default-icon\"><div class=\"porto-sicon-default\"><div class=\"porto-just-icon-wrapper porto-icon advanced\" style=\"color:#212529;border-style:solid;border-color:#e9e9e9;border-width:1px;width:30px;height:30px;line-height:30px;border-radius:500px;font-size:14px;margin-right:10px;\"><i class=\"fas fa-check\"><\/i><\/div><\/div><div class=\"porto-sicon-header\"><h3 class=\"porto-sicon-title\" style=\"font-weight:600;font-size:14px;line-height:24px;letter-spacing:0;color:#212529;\">Neuroseguridad<\/h3><\/div> <!-- header --><\/div><!-- porto-sicon-box --><div class=\"porto-sicon-box  vc_custom_1686486467231  wpb_custom_1efe903570d178ff0a9b7bfa5febd3a4 style_1 default-icon\"><div class=\"porto-sicon-default\"><div class=\"porto-just-icon-wrapper porto-icon advanced\" style=\"color:#212529;border-style:solid;border-color:#e9e9e9;border-width:1px;width:30px;height:30px;line-height:30px;border-radius:500px;font-size:14px;margin-right:10px;\"><i class=\"fas fa-check\"><\/i><\/div><\/div><div class=\"porto-sicon-header\"><h3 class=\"porto-sicon-title\" style=\"font-weight:600;font-size:14px;line-height:24px;letter-spacing:0;color:#212529;\">Eficacia<\/h3><\/div> <!-- header --><\/div><!-- porto-sicon-box -->[\/vc_column_inner][vc_column_inner width=\u00bb1\/3&#8243; animation_delay=\u00bb1000&#8243; animation_type=\u00bbfadeInLeft\u00bb offset=\u00bbvc_col-xs-6&#8243;]<div class=\"porto-sicon-box  vc_custom_1686486330726  wpb_custom_1efe903570d178ff0a9b7bfa5febd3a4 style_1 default-icon\"><div class=\"porto-sicon-default\"><div class=\"porto-just-icon-wrapper porto-icon advanced\" style=\"color:#212529;border-style:solid;border-color:#e9e9e9;border-width:1px;width:30px;height:30px;line-height:30px;border-radius:500px;font-size:14px;margin-right:10px;\"><i class=\"fas fa-check\"><\/i><\/div><\/div><div class=\"porto-sicon-header\"><h3 class=\"porto-sicon-title\" style=\"font-weight:600;font-size:14px;line-height:24px;letter-spacing:0;color:#212529;\">Eficiencia<\/h3><\/div> <!-- header --><\/div><!-- porto-sicon-box --><div class=\"porto-sicon-box  vc_custom_1686486365917  wpb_custom_1efe903570d178ff0a9b7bfa5febd3a4 style_1 default-icon\"><div class=\"porto-sicon-default\"><div class=\"porto-just-icon-wrapper porto-icon advanced\" style=\"color:#212529;border-style:solid;border-color:#e9e9e9;border-width:1px;width:30px;height:30px;line-height:30px;border-radius:500px;font-size:14px;margin-right:10px;\"><i class=\"fas fa-check\"><\/i><\/div><\/div><div class=\"porto-sicon-header\"><h3 class=\"porto-sicon-title\" style=\"font-weight:600;font-size:14px;line-height:24px;letter-spacing:0;color:#212529;\">Unidad<\/h3><\/div> <!-- header --><\/div><!-- porto-sicon-box --><div class=\"porto-sicon-box  vc_custom_1686486400762  wpb_custom_1efe903570d178ff0a9b7bfa5febd3a4 style_1 default-icon\"><div class=\"porto-sicon-default\"><div class=\"porto-just-icon-wrapper porto-icon advanced\" style=\"color:#212529;border-style:solid;border-color:#e9e9e9;border-width:1px;width:30px;height:30px;line-height:30px;border-radius:500px;font-size:14px;margin-right:10px;\"><i class=\"fas fa-check\"><\/i><\/div><\/div><div class=\"porto-sicon-header\"><h3 class=\"porto-sicon-title\" style=\"font-weight:600;font-size:14px;line-height:24px;letter-spacing:0;color:#212529;\">Integridad<\/h3><\/div> <!-- header --><\/div><!-- porto-sicon-box --><div class=\"porto-sicon-box  vc_custom_1686486446552  wpb_custom_1efe903570d178ff0a9b7bfa5febd3a4 style_1 default-icon\"><div class=\"porto-sicon-default\"><div class=\"porto-just-icon-wrapper porto-icon advanced\" style=\"color:#212529;border-style:solid;border-color:#e9e9e9;border-width:1px;width:30px;height:30px;line-height:30px;border-radius:500px;font-size:14px;margin-right:10px;\"><i class=\"fas fa-check\"><\/i><\/div><\/div><div class=\"porto-sicon-header\"><h3 class=\"porto-sicon-title\" style=\"font-weight:600;font-size:14px;line-height:24px;letter-spacing:0;color:#212529;\">Tecnolog\u00eda<\/h3><\/div> <!-- header --><\/div><!-- porto-sicon-box -->[\/vc_column_inner][\/vc_row_inner][\/vc_column][vc_column width=\u00bb3\/4&#8243; animation_delay=\u00bb1450&#8243; el_class=\u00bbps-lg-5 pe-5 custom-auto-img\u00bb offset=\u00bbvc_col-md-6 vc_col-xs-10&#8243; animation_type=\u00bbfadeInLeft\u00bb][vc_single_image image=\u00bb770&#8243; img_size=\u00bbfull\u00bb floating_start_pos=\u00bbtop\u00bb floating_speed=\u00bb9.8&#8243; floating_duration=\u00bb1000&#8243; el_class=\u00bbmb-0&#8243; label=\u00bb\u00bb]<div class=\"porto-ultimate-content-box-container auto-1 transform3dxy-n50\"><style>#porto_ucb_8188{will-change: box-shadow;box-shadow: none;}#porto_ucb_8188:hover{box-shadow:none}<\/style><div class=\"porto-ultimate-content-box\" style=\"\" id=\"porto_ucb_8188\">[vc_single_image image=\u00bb73&#8243; floating_start_pos=\u00bbtop\u00bb floating_speed=\u00bb0.5&#8243; el_class=\u00bbmb-0&#8243; floating_duration=\u00bb2000&#8243;]<\/div><\/div><div class=\"porto-ultimate-content-box-container auto-2 transform3dxy-n50\"><style>#porto_ucb_7993{will-change: box-shadow;box-shadow: none;}#porto_ucb_7993:hover{box-shadow:none}<\/style><div class=\"porto-ultimate-content-box\" style=\"\" id=\"porto_ucb_7993\">[vc_single_image image=\u00bb74&#8243; floating_start_pos=\u00bbtop\u00bb floating_speed=\u00bb2.5&#8243; el_class=\u00bbmb-0&#8243; floating_duration=\u00bb1500&#8243;]<\/div><\/div><div class=\"porto-ultimate-content-box-container auto-3 transform3dxy-n50\"><style>#porto_ucb_5630{will-change: box-shadow;box-shadow: none;}#porto_ucb_5630:hover{box-shadow:none}<\/style><div class=\"porto-ultimate-content-box\" style=\"\" id=\"porto_ucb_5630\">[vc_single_image image=\u00bb75&#8243; floating_start_pos=\u00bbtop\u00bb floating_speed=\u00bb2&#8243; el_class=\u00bbmb-0&#8243; floating_duration=\u00bb2500&#8243;]<\/div><\/div>[\/vc_column][\/vc_row][vc_row gap=\u00bb20&#8243; disable_element=\u00bbyes\u00bb wrap_container=\u00bbyes\u00bb el_class=\u00bbcustom-lightbox\u00bb css=\u00bb.vc_custom_1689175090859{margin-bottom: 38px !important;}\u00bb conditional_render=\u00bb%5B%7B%22value_role%22%3A%22administrator%22%7D%5D\u00bb][vc_column width=\u00bb1\/3&#8243;][vc_single_image image=\u00bb687&#8243; img_size=\u00bb500X400&#8243; onclick=\u00bbimg_link_large\u00bb lightbox=\u00bbyes\u00bb image_gallery=\u00bbyes\u00bb zoom_icon=\u00bbyes\u00bb hover_effect=\u00bbyes\u00bb el_class=\u00bbmb-0&#8243;][\/vc_column][vc_column width=\u00bb1\/3&#8243;][vc_single_image image=\u00bb686&#8243; img_size=\u00bb500X400&#8243; onclick=\u00bbimg_link_large\u00bb lightbox=\u00bbyes\u00bb image_gallery=\u00bbyes\u00bb zoom_icon=\u00bbyes\u00bb hover_effect=\u00bbyes\u00bb el_class=\u00bbmb-0&#8243;][\/vc_column][vc_column width=\u00bb1\/3&#8243;][vc_single_image image=\u00bb685&#8243; img_size=\u00bb500X400&#8243; onclick=\u00bbimg_link_large\u00bb lightbox=\u00bbyes\u00bb image_gallery=\u00bbyes\u00bb zoom_icon=\u00bbyes\u00bb hover_effect=\u00bbyes\u00bb el_class=\u00bbmb-0&#8243;][\/vc_column][\/vc_row][vc_row gap=\u00bb20&#8243; wrap_container=\u00bbyes\u00bb el_class=\u00bbcustom-lightbox\u00bb css=\u00bb.vc_custom_1640788298454{margin-bottom: 38px !important;}\u00bb][vc_column][vc_gallery type=\u00bbimage_grid\u00bb images=\u00bb753,754,755,756,757,758,759,760,761,762,763,764,765,766&#8243;][\/vc_column][\/vc_row][vc_row wrap_container=\u00bbyes\u00bb el_class=\u00bbpb-4 mb-4&#8243; conditional_render=\u00bb%5B%7B%22value_role%22%3A%22administrator%22%7D%5D\u00bb][vc_column offset=\u00bbvc_col-lg-4\/5 vc_col-md-9&#8243;][vc_empty_space][vc_custom_heading text=\u00bbNos respaldamos en un equipo profesional altamente calificado y comprometido. Nuestros expertos en seguridad est\u00e1n constantemente actualizados en las \u00faltimas tendencias y avances en el campo, lo que nos permite ofrecer soluciones de vanguardia adaptadas a las necesidades espec\u00edficas de nuestros clientes.\u00bb font_container=\u00bbtag:p|text_align:justify\u00bb use_theme_fonts=\u00bbyes\u00bb animation_delay=\u00bb1000&#8243; el_class=\u00bbmb-4&#8243;][\/vc_column][vc_column offset=\u00bbvc_col-lg-1\/5 vc_col-md-3&#8243;][vc_single_image image=\u00bb742&#8243; img_size=\u00bbfull\u00bb alignment=\u00bbcenter\u00bb][\/vc_column][\/vc_row][vc_row wrap_container=\u00bbyes\u00bb conditional_render=\u00bb%5B%7B%22value_role%22%3A%22administrator%22%7D%5D\u00bb][vc_column][vc_custom_heading text=\u00bbCLIENTES DE SEGURINTEL C. LTDA\u00bb use_theme_fonts=\u00bbyes\u00bb animation_type=\u00bbfadeInUp\u00bb el_class=\u00bbmb-0&#8243;][vc_empty_space][vc_row_inner css=\u00bb.vc_custom_1687712716116{margin-top: 2% !important;margin-bottom: 2% !important;}\u00bb][vc_column_inner width=\u00bb1\/4&#8243;][vc_single_image image=\u00bb702&#8243; img_size=\u00bbfull\u00bb alignment=\u00bbcenter\u00bb][\/vc_column_inner][vc_column_inner width=\u00bb1\/4&#8243;][vc_single_image image=\u00bb703&#8243; img_size=\u00bbfull\u00bb alignment=\u00bbcenter\u00bb][\/vc_column_inner][vc_column_inner width=\u00bb1\/4&#8243;][vc_single_image image=\u00bb704&#8243; img_size=\u00bbfull\u00bb alignment=\u00bbcenter\u00bb][\/vc_column_inner][vc_column_inner width=\u00bb1\/4&#8243;][vc_single_image image=\u00bb705&#8243; img_size=\u00bbfull\u00bb alignment=\u00bbcenter\u00bb][\/vc_column_inner][\/vc_row_inner][vc_row_inner css=\u00bb.vc_custom_1687712716116{margin-top: 2% !important;margin-bottom: 2% !important;}\u00bb][vc_column_inner width=\u00bb1\/4&#8243;][vc_single_image image=\u00bb706&#8243; img_size=\u00bbfull\u00bb alignment=\u00bbcenter\u00bb][\/vc_column_inner][vc_column_inner width=\u00bb1\/4&#8243;][vc_single_image image=\u00bb708&#8243; img_size=\u00bbfull\u00bb alignment=\u00bbcenter\u00bb][\/vc_column_inner][vc_column_inner width=\u00bb1\/4&#8243;][vc_single_image image=\u00bb707&#8243; img_size=\u00bbfull\u00bb alignment=\u00bbcenter\u00bb][\/vc_column_inner][vc_column_inner width=\u00bb1\/4&#8243;][vc_single_image image=\u00bb709&#8243; img_size=\u00bbfull\u00bb alignment=\u00bbcenter\u00bb][\/vc_column_inner][\/vc_row_inner][vc_row_inner css=\u00bb.vc_custom_1687712716116{margin-top: 2% !important;margin-bottom: 2% !important;}\u00bb][vc_column_inner width=\u00bb1\/4&#8243;][vc_single_image image=\u00bb710&#8243; img_size=\u00bbfull\u00bb alignment=\u00bbcenter\u00bb][\/vc_column_inner][vc_column_inner width=\u00bb1\/4&#8243;][vc_single_image image=\u00bb711&#8243; img_size=\u00bbfull\u00bb alignment=\u00bbcenter\u00bb][\/vc_column_inner][vc_column_inner width=\u00bb1\/4&#8243;][vc_single_image image=\u00bb712&#8243; img_size=\u00bbfull\u00bb alignment=\u00bbcenter\u00bb][\/vc_column_inner][vc_column_inner width=\u00bb1\/4&#8243;][vc_single_image image=\u00bb713&#8243; img_size=\u00bbfull\u00bb alignment=\u00bbcenter\u00bb][\/vc_column_inner][\/vc_row_inner][vc_row_inner css=\u00bb.vc_custom_1687712716116{margin-top: 2% !important;margin-bottom: 2% !important;}\u00bb][vc_column_inner width=\u00bb1\/4&#8243;][vc_single_image image=\u00bb718&#8243; img_size=\u00bbfull\u00bb alignment=\u00bbcenter\u00bb][\/vc_column_inner][vc_column_inner width=\u00bb1\/4&#8243;][vc_single_image image=\u00bb719&#8243; img_size=\u00bbfull\u00bb alignment=\u00bbcenter\u00bb][\/vc_column_inner][vc_column_inner width=\u00bb1\/4&#8243;][vc_single_image image=\u00bb720&#8243; img_size=\u00bbfull\u00bb alignment=\u00bbcenter\u00bb][\/vc_column_inner][vc_column_inner width=\u00bb1\/4&#8243;][vc_single_image image=\u00bb721&#8243; img_size=\u00bbfull\u00bb alignment=\u00bbcenter\u00bb][\/vc_column_inner][\/vc_row_inner][\/vc_column][\/vc_row]<\/p>\n<\/section>","protected":false},"excerpt":{"rendered":"<p>[vc_row content_placement=\u00bbmiddle\u00bb wrap_container=\u00bbyes\u00bb el_class=\u00bbmt-5 pt-4 m-b-lg\u00bb][vc_column el_class=\u00bbpb-sm-4 pb-lg-0 mb-5 mb-lg-0&#8243; offset=\u00bbvc_col-md-6&#8243;][vc_custom_heading text=\u00bbSEGURIDAD INTEGRAL SEGURINTEL C. LTDA\u00bb use_theme_fonts=\u00bbyes\u00bb animation_type=\u00bbfadeInUp\u00bb el_class=\u00bbmb-0&#8243;][vc_separator color=\u00bbcustom\u00bb align=\u00bbalign_left\u00bb border_width=\u00bb4&#8243; css_animation=\u00bbleft-to-right\u00bb style=\u00bbsolid\u00bb el_class=\u00bbcustom-separator customLineProgressAnim my-3&#8243; accent_color=\u00bb#1c5fa8&#8243;][vc_custom_heading text=\u00bbConstituida en el a\u00f1o 2000 viene brindando servicios de seguridad y vigilancia a diferentes instituciones p\u00fablicas y privadas, tiempo en el cual hemos adquirido experiencia dando m\u00faltiples [&hellip;]<\/p>\n","protected":false},"author":1,"featured_media":0,"parent":0,"menu_order":0,"comment_status":"closed","ping_status":"closed","template":"","meta":[],"_links":{"self":[{"href":"https:\/\/segurintel.com.ec\/index.php?rest_route=\/wp\/v2\/pages\/14"}],"collection":[{"href":"https:\/\/segurintel.com.ec\/index.php?rest_route=\/wp\/v2\/pages"}],"about":[{"href":"https:\/\/segurintel.com.ec\/index.php?rest_route=\/wp\/v2\/types\/page"}],"author":[{"embeddable":true,"href":"https:\/\/segurintel.com.ec\/index.php?rest_route=\/wp\/v2\/users\/1"}],"replies":[{"embeddable":true,"href":"https:\/\/segurintel.com.ec\/index.php?rest_route=%2Fwp%2Fv2%2Fcomments&post=14"}],"version-history":[{"count":28,"href":"https:\/\/segurintel.com.ec\/index.php?rest_route=\/wp\/v2\/pages\/14\/revisions"}],"predecessor-version":[{"id":771,"href":"https:\/\/segurintel.com.ec\/index.php?rest_route=\/wp\/v2\/pages\/14\/revisions\/771"}],"wp:attachment":[{"href":"https:\/\/segurintel.com.ec\/index.php?rest_route=%2Fwp%2Fv2%2Fmedia&parent=14"}],"curies":[{"name":"wp","href":"https:\/\/api.w.org\/{rel}","templated":true}]}}